{"id":5578,"date":"2023-07-05T09:26:31","date_gmt":"2023-07-05T09:26:31","guid":{"rendered":"https:\/\/greengamepro.eu\/?page_id=5578"},"modified":"2023-07-05T09:29:04","modified_gmt":"2023-07-05T09:29:04","slug":"materialy-wideo","status":"publish","type":"page","link":"https:\/\/greengamepro.eu\/pl\/materialy-wideo\/","title":{"rendered":"Materia\u0142y Wideo"},"content":{"rendered":"<div data-elementor-type=\"wp-page\" data-elementor-id=\"5578\" class=\"elementor elementor-5578\">\n\t\t\t\t        <section class=\"elementor-section elementor-top-section elementor-element elementor-element-ff365ca elementor-section-boxed elementor-section-height-default elementor-section-height-default cms-boxed-bg-false\" data-id=\"ff365ca\" data-element_type=\"section\" data-e-type=\"section\">\r\n\t\t\r\n\t\t<div class=\"cms-section-boxed-bg\"><\/div>        <div class=\"elementor-container elementor-column-gap-default\" >\r\n\t\t        <div class=\"elementor-column elementor-col-100 elementor-top-column elementor-element elementor-element-dcf118b\" data-id=\"dcf118b\" data-element_type=\"column\" data-e-type=\"column\">\r\n            <div class=\"elementor-widget-wrap elementor-element-populated\">\r\n                \t\t<div class=\"elementor-element elementor-element-6961f10 elementor-widget elementor-widget-cms_icon_box\" data-id=\"6961f10\" data-element_type=\"widget\" data-e-type=\"widget\" data-widget_type=\"cms_icon_box.default\">\n\t\t\t\t<div class=\"elementor-widget-container\">\n\t\t\t\t\t<div class=\"cms-icon-box-layout-1\">\r\n<div class=\"row text-center\">\r\n    <div class=\"col-12 mb-20\">        <div class=\"cms-icon-wrap\" ><i aria-hidden=\"true\" class=\"cms-icon text-64 text-accent fas fa-recycle\" style=\"\"><\/i><\/div>\r\n        <\/div>\r\n    <div class=\"col\">\r\n        <div class=\"cms-heading text-18 text-\">RECYKLING<\/div> \r\n            <\/div>\r\n<\/div>\r\n<\/div>\r\n\r\n\r\n\t\t\t\t<\/div>\n\t\t\t\t<\/div>\n\t\t\t\t<div class=\"elementor-element elementor-element-3d28dec elementor-invisible elementor-widget elementor-widget-video\" data-id=\"3d28dec\" data-element_type=\"widget\" data-e-type=\"widget\" data-settings=\"{&quot;youtube_url&quot;:&quot;https:\\\/\\\/youtu.be\\\/L2QRTBEuGN8&quot;,&quot;_animation&quot;:&quot;fadeInLeft&quot;,&quot;video_type&quot;:&quot;youtube&quot;,&quot;controls&quot;:&quot;yes&quot;}\" data-widget_type=\"video.default\">\n\t\t\t\t<div class=\"elementor-widget-container\">\n\t\t\t\t\t\t\t<div class=\"elementor-wrapper elementor-open-inline\">\n\t\t\t<div class=\"elementor-video\"><\/div>\t\t<\/div>\n\t\t\t\t\t\t<\/div>\n\t\t\t\t<\/div>\n\t\t            <\/div>\r\n        <\/div>\r\n        \t\t\t<\/div>\r\n\t\t<\/section>\r\n\t\t        <section class=\"elementor-section elementor-top-section elementor-element elementor-element-56de18b elementor-section-boxed elementor-section-height-default elementor-section-height-default cms-boxed-bg-false\" data-id=\"56de18b\" data-element_type=\"section\" data-e-type=\"section\">\r\n\t\t\r\n\t\t<div class=\"cms-section-boxed-bg\"><\/div>        <div class=\"elementor-container elementor-column-gap-default\" >\r\n\t\t        <div class=\"elementor-column elementor-col-100 elementor-top-column elementor-element elementor-element-fa6d553\" data-id=\"fa6d553\" data-element_type=\"column\" data-e-type=\"column\">\r\n            <div class=\"elementor-widget-wrap elementor-element-populated\">\r\n                \t\t<div class=\"elementor-element elementor-element-e59b88e elementor-widget elementor-widget-cms_icon_box\" data-id=\"e59b88e\" data-element_type=\"widget\" data-e-type=\"widget\" data-widget_type=\"cms_icon_box.default\">\n\t\t\t\t<div class=\"elementor-widget-container\">\n\t\t\t\t\t<div class=\"cms-icon-box-layout-1\">\r\n<div class=\"row text-center\">\r\n    <div class=\"col-12 mb-20\">        <div class=\"cms-icon-wrap\" ><i aria-hidden=\"true\" class=\"cms-icon text-64 text-accent fas fa-water\" style=\"\"><\/i><\/div>\r\n        <\/div>\r\n    <div class=\"col\">\r\n        <div class=\"cms-heading text-18 text-\">OSZCZ\u0118DZANIE WODY<\/div> \r\n            <\/div>\r\n<\/div>\r\n<\/div>\r\n\r\n\r\n\t\t\t\t<\/div>\n\t\t\t\t<\/div>\n\t\t\t\t<div class=\"elementor-element elementor-element-92fe5cb elementor-invisible elementor-widget elementor-widget-video\" data-id=\"92fe5cb\" data-element_type=\"widget\" data-e-type=\"widget\" data-settings=\"{&quot;youtube_url&quot;:&quot;https:\\\/\\\/youtu.be\\\/bnvcVvaR24I&quot;,&quot;_animation&quot;:&quot;fadeInRight&quot;,&quot;video_type&quot;:&quot;youtube&quot;,&quot;controls&quot;:&quot;yes&quot;}\" data-widget_type=\"video.default\">\n\t\t\t\t<div class=\"elementor-widget-container\">\n\t\t\t\t\t\t\t<div class=\"elementor-wrapper elementor-open-inline\">\n\t\t\t<div class=\"elementor-video\"><\/div>\t\t<\/div>\n\t\t\t\t\t\t<\/div>\n\t\t\t\t<\/div>\n\t\t            <\/div>\r\n        <\/div>\r\n        \t\t\t<\/div>\r\n\t\t<\/section>\r\n\t\t        <section class=\"elementor-section elementor-top-section elementor-element elementor-element-ac736c0 elementor-section-boxed elementor-section-height-default elementor-section-height-default cms-boxed-bg-false\" data-id=\"ac736c0\" data-element_type=\"section\" data-e-type=\"section\">\r\n\t\t\r\n\t\t<div class=\"cms-section-boxed-bg\"><\/div>        <div class=\"elementor-container elementor-column-gap-default\" >\r\n\t\t        <div class=\"elementor-column elementor-col-100 elementor-top-column elementor-element elementor-element-8f2c242\" data-id=\"8f2c242\" data-element_type=\"column\" data-e-type=\"column\">\r\n            <div class=\"elementor-widget-wrap elementor-element-populated\">\r\n                \t\t<div class=\"elementor-element elementor-element-a2f3802 elementor-widget elementor-widget-cms_icon_box\" data-id=\"a2f3802\" data-element_type=\"widget\" data-e-type=\"widget\" data-widget_type=\"cms_icon_box.default\">\n\t\t\t\t<div class=\"elementor-widget-container\">\n\t\t\t\t\t<div class=\"cms-icon-box-layout-1\">\r\n<div class=\"row text-center\">\r\n    <div class=\"col-12 mb-20\">        <div class=\"cms-icon-wrap\" ><i aria-hidden=\"true\" class=\"cms-icon text-64 text-accent far fa-lightbulb\" style=\"\"><\/i><\/div>\r\n        <\/div>\r\n    <div class=\"col\">\r\n        <div class=\"cms-heading text-18 text-\">OSZCZ\u0118DNO\u015a\u0106 ENERGII ELEKTRYCZNEJ<\/div> \r\n            <\/div>\r\n<\/div>\r\n<\/div>\r\n\r\n\r\n\t\t\t\t<\/div>\n\t\t\t\t<\/div>\n\t\t\t\t<div class=\"elementor-element elementor-element-7b8940b elementor-invisible elementor-widget elementor-widget-video\" data-id=\"7b8940b\" data-element_type=\"widget\" data-e-type=\"widget\" data-settings=\"{&quot;youtube_url&quot;:&quot;https:\\\/\\\/youtu.be\\\/P2T0o6WhddY&quot;,&quot;_animation&quot;:&quot;fadeInLeft&quot;,&quot;video_type&quot;:&quot;youtube&quot;,&quot;controls&quot;:&quot;yes&quot;}\" data-widget_type=\"video.default\">\n\t\t\t\t<div class=\"elementor-widget-container\">\n\t\t\t\t\t\t\t<div class=\"elementor-wrapper elementor-open-inline\">\n\t\t\t<div class=\"elementor-video\"><\/div>\t\t<\/div>\n\t\t\t\t\t\t<\/div>\n\t\t\t\t<\/div>\n\t\t            <\/div>\r\n        <\/div>\r\n        \t\t\t<\/div>\r\n\t\t<\/section>\r\n\t\t        <section class=\"elementor-section elementor-top-section elementor-element elementor-element-457ada5 elementor-section-boxed elementor-section-height-default elementor-section-height-default cms-boxed-bg-false\" data-id=\"457ada5\" data-element_type=\"section\" data-e-type=\"section\">\r\n\t\t\r\n\t\t<div class=\"cms-section-boxed-bg\"><\/div>        <div class=\"elementor-container elementor-column-gap-default\" >\r\n\t\t        <div class=\"elementor-column elementor-col-100 elementor-top-column elementor-element elementor-element-9bb5359\" data-id=\"9bb5359\" data-element_type=\"column\" data-e-type=\"column\">\r\n            <div class=\"elementor-widget-wrap elementor-element-populated\">\r\n                \t\t<div class=\"elementor-element elementor-element-48ae95e elementor-widget elementor-widget-cms_icon_box\" data-id=\"48ae95e\" data-element_type=\"widget\" data-e-type=\"widget\" data-widget_type=\"cms_icon_box.default\">\n\t\t\t\t<div class=\"elementor-widget-container\">\n\t\t\t\t\t<div class=\"cms-icon-box-layout-1\">\r\n<div class=\"row text-center\">\r\n    <div class=\"col-12 mb-20\">        <div class=\"cms-icon-wrap\" ><i aria-hidden=\"true\" class=\"cms-icon text-64 text-accent fas fa-retweet\" style=\"\"><\/i><\/div>\r\n        <\/div>\r\n    <div class=\"col\">\r\n        <div class=\"cms-heading text-18 text-\">PONOWNE U\u017bYCIE<\/div> \r\n            <\/div>\r\n<\/div>\r\n<\/div>\r\n\r\n\r\n\t\t\t\t<\/div>\n\t\t\t\t<\/div>\n\t\t\t\t<div class=\"elementor-element elementor-element-0a5a5eb elementor-invisible elementor-widget elementor-widget-video\" data-id=\"0a5a5eb\" data-element_type=\"widget\" data-e-type=\"widget\" data-settings=\"{&quot;youtube_url&quot;:&quot;https:\\\/\\\/youtu.be\\\/w4vneZScqT0&quot;,&quot;_animation&quot;:&quot;fadeInRight&quot;,&quot;video_type&quot;:&quot;youtube&quot;,&quot;controls&quot;:&quot;yes&quot;}\" data-widget_type=\"video.default\">\n\t\t\t\t<div class=\"elementor-widget-container\">\n\t\t\t\t\t\t\t<div class=\"elementor-wrapper elementor-open-inline\">\n\t\t\t<div class=\"elementor-video\"><\/div>\t\t<\/div>\n\t\t\t\t\t\t<\/div>\n\t\t\t\t<\/div>\n\t\t            <\/div>\r\n        <\/div>\r\n        \t\t\t<\/div>\r\n\t\t<\/section>\r\n\t\t        <section class=\"elementor-section elementor-top-section elementor-element elementor-element-e826e2f elementor-section-boxed elementor-section-height-default elementor-section-height-default cms-boxed-bg-false\" data-id=\"e826e2f\" data-element_type=\"section\" data-e-type=\"section\">\r\n\t\t\r\n\t\t<div class=\"cms-section-boxed-bg\"><\/div>        <div class=\"elementor-container elementor-column-gap-default\" >\r\n\t\t        <div class=\"elementor-column elementor-col-100 elementor-top-column elementor-element elementor-element-d7effc3\" data-id=\"d7effc3\" data-element_type=\"column\" data-e-type=\"column\">\r\n            <div class=\"elementor-widget-wrap elementor-element-populated\">\r\n                \t\t<div class=\"elementor-element elementor-element-1352c29 elementor-widget elementor-widget-cms_icon_box\" data-id=\"1352c29\" data-element_type=\"widget\" data-e-type=\"widget\" data-widget_type=\"cms_icon_box.default\">\n\t\t\t\t<div class=\"elementor-widget-container\">\n\t\t\t\t\t<div class=\"cms-icon-box-layout-1\">\r\n<div class=\"row text-center\">\r\n    <div class=\"col-12 mb-20\">        <div class=\"cms-icon-wrap\" ><i aria-hidden=\"true\" class=\"cms-icon text-64 text-accent fas fa-car\" style=\"\"><\/i><\/div>\r\n        <\/div>\r\n    <div class=\"col\">\r\n        <div class=\"cms-heading text-18 text-\">TRANSPORT<\/div> \r\n            <\/div>\r\n<\/div>\r\n<\/div>\r\n\r\n\r\n\t\t\t\t<\/div>\n\t\t\t\t<\/div>\n\t\t\t\t<div class=\"elementor-element elementor-element-8aba086 elementor-invisible elementor-widget elementor-widget-video\" data-id=\"8aba086\" data-element_type=\"widget\" data-e-type=\"widget\" data-settings=\"{&quot;youtube_url&quot;:&quot;https:\\\/\\\/youtu.be\\\/ano7SKRK2aA&quot;,&quot;_animation&quot;:&quot;fadeInLeft&quot;,&quot;video_type&quot;:&quot;youtube&quot;,&quot;controls&quot;:&quot;yes&quot;}\" data-widget_type=\"video.default\">\n\t\t\t\t<div class=\"elementor-widget-container\">\n\t\t\t\t\t\t\t<div class=\"elementor-wrapper elementor-open-inline\">\n\t\t\t<div class=\"elementor-video\"><\/div>\t\t<\/div>\n\t\t\t\t\t\t<\/div>\n\t\t\t\t<\/div>\n\t\t            <\/div>\r\n        <\/div>\r\n        \t\t\t<\/div>\r\n\t\t<\/section>\r\n\t\t        <section class=\"elementor-section elementor-top-section elementor-element elementor-element-2846f7c elementor-section-boxed elementor-section-height-default elementor-section-height-default cms-boxed-bg-false\" data-id=\"2846f7c\" data-element_type=\"section\" data-e-type=\"section\">\r\n\t\t\r\n\t\t<div class=\"cms-section-boxed-bg\"><\/div>        <div class=\"elementor-container elementor-column-gap-default\" >\r\n\t\t        <div class=\"elementor-column elementor-col-100 elementor-top-column elementor-element elementor-element-c75b6f5\" data-id=\"c75b6f5\" data-element_type=\"column\" data-e-type=\"column\">\r\n            <div class=\"elementor-widget-wrap elementor-element-populated\">\r\n                \t\t<div class=\"elementor-element elementor-element-1925663 elementor-widget elementor-widget-cms_icon_box\" data-id=\"1925663\" data-element_type=\"widget\" data-e-type=\"widget\" data-widget_type=\"cms_icon_box.default\">\n\t\t\t\t<div class=\"elementor-widget-container\">\n\t\t\t\t\t<div class=\"cms-icon-box-layout-1\">\r\n<div class=\"row text-center\">\r\n    <div class=\"col-12 mb-20\">        <div class=\"cms-icon-wrap\" ><i aria-hidden=\"true\" class=\"cms-icon text-64 text-accent cmsi cmsi-trash\" style=\"\"><\/i><\/div>\r\n        <\/div>\r\n    <div class=\"col\">\r\n        <div class=\"cms-heading text-18 text-\">ODPADY NIENADAJ\u0104CE SI\u0118 DO RECYKLINGU<\/div> \r\n            <\/div>\r\n<\/div>\r\n<\/div>\r\n\r\n\r\n\t\t\t\t<\/div>\n\t\t\t\t<\/div>\n\t\t\t\t<div class=\"elementor-element elementor-element-ba958a8 elementor-invisible elementor-widget elementor-widget-video\" data-id=\"ba958a8\" data-element_type=\"widget\" data-e-type=\"widget\" data-settings=\"{&quot;youtube_url&quot;:&quot;https:\\\/\\\/youtu.be\\\/B3UC9IizRCw&quot;,&quot;_animation&quot;:&quot;fadeInRight&quot;,&quot;video_type&quot;:&quot;youtube&quot;,&quot;controls&quot;:&quot;yes&quot;}\" data-widget_type=\"video.default\">\n\t\t\t\t<div class=\"elementor-widget-container\">\n\t\t\t\t\t\t\t<div class=\"elementor-wrapper elementor-open-inline\">\n\t\t\t<div class=\"elementor-video\"><\/div>\t\t<\/div>\n\t\t\t\t\t\t<\/div>\n\t\t\t\t<\/div>\n\t\t            <\/div>\r\n        <\/div>\r\n        \t\t\t<\/div>\r\n\t\t<\/section>\r\n\t\t        <section class=\"elementor-section elementor-top-section elementor-element elementor-element-0ac5b3c elementor-section-boxed elementor-section-height-default elementor-section-height-default cms-boxed-bg-false\" data-id=\"0ac5b3c\" data-element_type=\"section\" data-e-type=\"section\">\r\n\t\t\r\n\t\t<div class=\"cms-section-boxed-bg\"><\/div>        <div class=\"elementor-container elementor-column-gap-default\" >\r\n\t\t        <div class=\"elementor-column elementor-col-100 elementor-top-column elementor-element elementor-element-f5a6022\" data-id=\"f5a6022\" data-element_type=\"column\" data-e-type=\"column\">\r\n            <div class=\"elementor-widget-wrap elementor-element-populated\">\r\n                \t\t<div class=\"elementor-element elementor-element-f5b5ddf elementor-widget elementor-widget-cms_icon_box\" data-id=\"f5b5ddf\" data-element_type=\"widget\" data-e-type=\"widget\" data-widget_type=\"cms_icon_box.default\">\n\t\t\t\t<div class=\"elementor-widget-container\">\n\t\t\t\t\t<div class=\"cms-icon-box-layout-1\">\r\n<div class=\"row text-center\">\r\n    <div class=\"col-12 mb-20\">        <div class=\"cms-icon-wrap\" ><i aria-hidden=\"true\" class=\"cms-icon text-64 text-accent cmsi cmsi-green-energy-5\" style=\"\"><\/i><\/div>\r\n        <\/div>\r\n    <div class=\"col\">\r\n        <div class=\"cms-heading text-18 text-\">KONSUMPCJA EKOLOGICZNYCH PRODUKT\u00d3W<\/div> \r\n            <\/div>\r\n<\/div>\r\n<\/div>\r\n\r\n\r\n\t\t\t\t<\/div>\n\t\t\t\t<\/div>\n\t\t\t\t<div class=\"elementor-element elementor-element-03e3312 elementor-invisible elementor-widget elementor-widget-video\" data-id=\"03e3312\" data-element_type=\"widget\" data-e-type=\"widget\" data-settings=\"{&quot;youtube_url&quot;:&quot;https:\\\/\\\/youtu.be\\\/AlQkTjM-OUI&quot;,&quot;_animation&quot;:&quot;fadeInUp&quot;,&quot;video_type&quot;:&quot;youtube&quot;,&quot;controls&quot;:&quot;yes&quot;}\" data-widget_type=\"video.default\">\n\t\t\t\t<div class=\"elementor-widget-container\">\n\t\t\t\t\t\t\t<div class=\"elementor-wrapper elementor-open-inline\">\n\t\t\t<div class=\"elementor-video\"><\/div>\t\t<\/div>\n\t\t\t\t\t\t<\/div>\n\t\t\t\t<\/div>\n\t\t            <\/div>\r\n        <\/div>\r\n        \t\t\t<\/div>\r\n\t\t<\/section>\r\n\t\t        <section class=\"elementor-section elementor-top-section elementor-element elementor-element-793fa2c elementor-section-boxed elementor-section-height-default elementor-section-height-default cms-boxed-bg-false\" data-id=\"793fa2c\" data-element_type=\"section\" data-e-type=\"section\">\r\n\t\t\r\n\t\t<div class=\"cms-section-boxed-bg\"><\/div>        <div class=\"elementor-container elementor-column-gap-default\" >\r\n\t\t        <div class=\"elementor-column elementor-col-100 elementor-top-column elementor-element elementor-element-2cf8f69\" data-id=\"2cf8f69\" data-element_type=\"column\" data-e-type=\"column\">\r\n            <div class=\"elementor-widget-wrap elementor-element-populated\">\r\n                \t\t<div class=\"elementor-element elementor-element-16c9ea8 elementor-widget elementor-widget-image\" data-id=\"16c9ea8\" data-element_type=\"widget\" data-e-type=\"widget\" data-widget_type=\"image.default\">\n\t\t\t\t<div class=\"elementor-widget-container\">\n\t\t\t\t\t\t\t\t\t\t\t\t\t\t\t<img class=\"cms-lazy lazy-loading attachment-medium size-medium wp-image-5171\" data-src=\"https:\/\/greengamepro.eu\/wp-content\/uploads\/2023\/03\/erasmus.jpg\" width=\"232\" height=\"66\" alt=\"\" srcset=\"https:\/\/greengamepro.eu\/wp-content\/uploads\/2023\/03\/erasmus.jpg 232w, https:\/\/greengamepro.eu\/wp-content\/uploads\/2023\/03\/erasmus-18x5.jpg 18w\" sizes=\"(max-width: 232px) 100vw, 232px\" \/>\t\t\t\t\t\t\t\t\t\t\t\t\t\t\t<\/div>\n\t\t\t\t<\/div>\n\t\t\t\t<div class=\"elementor-element elementor-element-ef39f9a elementor-widget elementor-widget-text-editor\" data-id=\"ef39f9a\" data-element_type=\"widget\" data-e-type=\"widget\" data-widget_type=\"text-editor.default\">\n\t\t\t\t<div class=\"elementor-widget-container\">\n\t\t\t\t\t\t\t\t\t<p><span data-sheets-value=\"{&quot;1&quot;:2,&quot;2&quot;:&quot;Projekt ten zosta\u0142 sfinansowany przy wsparciu Komisji Europejskiej.&quot;}\" data-sheets-userformat=\"{&quot;2&quot;:801,&quot;3&quot;:{&quot;1&quot;:0},&quot;8&quot;:{&quot;1&quot;:[{&quot;1&quot;:2,&quot;2&quot;:0,&quot;5&quot;:{&quot;1&quot;:2,&quot;2&quot;:0}},{&quot;1&quot;:0,&quot;2&quot;:0,&quot;3&quot;:3},{&quot;1&quot;:1,&quot;2&quot;:0,&quot;4&quot;:1}]},&quot;11&quot;:4,&quot;12&quot;:0}\">Projekt ten zosta\u0142 sfinansowany przy wsparciu Komisji Europejskiej.<\/span><\/p><p><span data-sheets-value=\"{&quot;1&quot;:2,&quot;2&quot;:&quot;Niniejszy komunikat odzwierciedla wy\u0142\u0105cznie pogl\u0105dy autor\u00f3w, a Komisja nie ponosi odpowiedzialno\u015bci za jakiekolwiek wykorzystanie zawartych w nim informacji.&quot;}\" data-sheets-userformat=\"{&quot;2&quot;:809,&quot;3&quot;:{&quot;1&quot;:0},&quot;6&quot;:{&quot;1&quot;:[{&quot;1&quot;:2,&quot;2&quot;:0,&quot;5&quot;:{&quot;1&quot;:2,&quot;2&quot;:0}},{&quot;1&quot;:0,&quot;2&quot;:0,&quot;3&quot;:3},{&quot;1&quot;:1,&quot;2&quot;:0,&quot;4&quot;:1}]},&quot;8&quot;:{&quot;1&quot;:[{&quot;1&quot;:2,&quot;2&quot;:0,&quot;5&quot;:{&quot;1&quot;:2,&quot;2&quot;:0}},{&quot;1&quot;:0,&quot;2&quot;:0,&quot;3&quot;:3},{&quot;1&quot;:1,&quot;2&quot;:0,&quot;4&quot;:1}]},&quot;11&quot;:4,&quot;12&quot;:0}\">Niniejszy komunikat odzwierciedla wy\u0142\u0105cznie pogl\u0105dy autor\u00f3w, a Komisja nie ponosi odpowiedzialno\u015bci za jakiekolwiek wykorzystanie zawartych w nim informacji.<\/span><\/p>\t\t\t\t\t\t\t\t<\/div>\n\t\t\t\t<\/div>\n\t\t            <\/div>\r\n        <\/div>\r\n        \t\t\t<\/div>\r\n\t\t<\/section>\r\n\t\t        <section class=\"elementor-section elementor-top-section elementor-element elementor-element-c7a7de7 elementor-section-boxed elementor-section-height-default elementor-section-height-default cms-boxed-bg-false\" data-id=\"c7a7de7\" data-element_type=\"section\" data-e-type=\"section\">\r\n\t\t\r\n\t\t<div class=\"cms-section-boxed-bg\"><\/div>        <div class=\"elementor-container elementor-column-gap-default\" >\r\n\t\t        <div class=\"elementor-column elementor-col-100 elementor-top-column elementor-element elementor-element-e8dd6ce\" data-id=\"e8dd6ce\" data-element_type=\"column\" data-e-type=\"column\">\r\n            <div class=\"elementor-widget-wrap elementor-element-populated\">\r\n                \t\t<div class=\"elementor-element elementor-element-bfd4204 cms-socials-layout-1 elementor-widget elementor-widget-cms_socials\" data-id=\"bfd4204\" data-element_type=\"widget\" data-e-type=\"widget\" data-widget_type=\"cms_socials.default\">\n\t\t\t\t<div class=\"elementor-widget-container\">\n\t\t\t\t\t<div class=\"cms-socials-wrap\">\n\t<div class=\"row gutters-10 gutters-grid justify-content-center\">\n\t\t\t\t<div class=\"cms-social cms-social-item col-auto\">\n\t\t\t    \t\t\t<a href=\"https:\/\/www.facebook.com\/people\/GreenGame\/100084222537738\/\" target=\"_blank\">\n    \t\t        <span class=\"cms-icon-wrap d-block text-center icon-size-59 bg-primary bg-hover-accent cms-circle\" ><i aria-hidden=\"true\" class=\"cms-icon text-white text-hover-white cmsi-facebook-f\" style=\"\"><\/i><\/span>\r\n        \t        \t<\/a>\n\t        \t\t<\/div>    \n\t\t\t<\/div>\n<\/div>\t\t\t\t<\/div>\n\t\t\t\t<\/div>\n\t\t            <\/div>\r\n        <\/div>\r\n        \t\t\t<\/div>\r\n\t\t<\/section>\r\n\t\t\t\t<\/div>","protected":false},"excerpt":{"rendered":"<p>RECYKLING OSZCZ\u0118DZANIE WODY OSZCZ\u0118DNO\u015a\u0106 ENERGII ELEKTRYCZNEJ PONOWNE U\u017bYCIE TRANSPORT ODPADY NIENADAJ\u0104CE SI\u0118 DO RECYKLINGU KONSUMPCJA EKOLOGICZNYCH PRODUKT\u00d3W Projekt ten zosta\u0142 sfinansowany przy wsparciu Komisji Europejskiej. Niniejszy komunikat odzwierciedla wy\u0142\u0105cznie pogl\u0105dy autor\u00f3w, a Komisja nie ponosi odpowiedzialno\u015bci za jakiekolwiek wykorzystanie zawartych w nim informacji.<\/p>","protected":false},"author":6,"featured_media":0,"parent":0,"menu_order":0,"comment_status":"closed","ping_status":"closed","template":"","meta":{"footnotes":""},"class_list":["post-5578","page","type-page","status-publish","hentry","cms-has-post-thumbnail"],"_links":{"self":[{"href":"https:\/\/greengamepro.eu\/pl\/wp-json\/wp\/v2\/pages\/5578","targetHints":{"allow":["GET"]}}],"collection":[{"href":"https:\/\/greengamepro.eu\/pl\/wp-json\/wp\/v2\/pages"}],"about":[{"href":"https:\/\/greengamepro.eu\/pl\/wp-json\/wp\/v2\/types\/page"}],"author":[{"embeddable":true,"href":"https:\/\/greengamepro.eu\/pl\/wp-json\/wp\/v2\/users\/6"}],"replies":[{"embeddable":true,"href":"https:\/\/greengamepro.eu\/pl\/wp-json\/wp\/v2\/comments?post=5578"}],"version-history":[{"count":4,"href":"https:\/\/greengamepro.eu\/pl\/wp-json\/wp\/v2\/pages\/5578\/revisions"}],"predecessor-version":[{"id":5582,"href":"https:\/\/greengamepro.eu\/pl\/wp-json\/wp\/v2\/pages\/5578\/revisions\/5582"}],"wp:attachment":[{"href":"https:\/\/greengamepro.eu\/pl\/wp-json\/wp\/v2\/media?parent=5578"}],"curies":[{"name":"wp","href":"https:\/\/api.w.org\/{rel}","templated":true}]}}